{"id":1303,"date":"2020-05-23T08:34:19","date_gmt":"2020-05-23T08:34:19","guid":{"rendered":"https:\/\/victoryintheworkplace.net\/victorie-la-locul-de-munca-pentru-biserici\/"},"modified":"2022-09-05T17:54:33","modified_gmt":"2022-09-05T17:54:33","slug":"victorie-la-locul-de-munca-pentru-biserici","status":"publish","type":"page","link":"https:\/\/victoryintheworkplace.net\/ro\/victorie-la-locul-de-munca-pentru-biserici\/","title":{"rendered":"BISERICI"},"content":{"rendered":"<p>[et_pb_section fb_built=&#8221;1&#8243; _builder_version=&#8221;4.16&#8243; background_image=&#8221;https:\/\/victoryintheworkplace.net\/wp-content\/uploads\/2020\/04\/bkg_services_header.jpg&#8221; custom_padding=&#8221;0px||0px|&#8221; global_colors_info=&#8221;{}&#8221;][et_pb_row custom_padding_last_edited=&#8221;on|phone&#8221; _builder_version=&#8221;4.16&#8243; custom_padding=&#8221;120px||120px|||&#8221; custom_padding_tablet=&#8221;120px||120px|&#8221; custom_padding_phone=&#8221;60px||60px|&#8221; global_colors_info=&#8221;{}&#8221;][et_pb_column type=&#8221;4_4&#8243; _builder_version=&#8221;4.16&#8243; background_position=&#8221;top_left&#8221; custom_padding=&#8221;|||&#8221; global_colors_info=&#8221;{}&#8221; custom_padding__hover=&#8221;|||&#8221;][et_pb_post_title meta=&#8221;off&#8221; featured_image=&#8221;off&#8221; text_color=&#8221;light&#8221; _builder_version=&#8221;4.16&#8243; title_font=&#8221;Montserrat|on||on|&#8221; title_font_size=&#8221;40px&#8221; title_letter_spacing=&#8221;16px&#8221; text_orientation=&#8221;center&#8221; animation_style=&#8221;fade&#8221; animation_duration=&#8221;1500ms&#8221; animation_delay=&#8221;500ms&#8221; title_font_size_tablet=&#8221;60px&#8221; title_font_size_phone=&#8221;35px&#8221; title_font_size_last_edited=&#8221;on|phone&#8221; title_letter_spacing_tablet=&#8221;12px&#8221; title_letter_spacing_phone=&#8221;8px&#8221; title_letter_spacing_last_edited=&#8221;on|desktop&#8221; global_colors_info=&#8221;{}&#8221;][\/et_pb_post_title][\/et_pb_column][\/et_pb_row][\/et_pb_section][et_pb_section fb_built=&#8221;1&#8243; custom_padding_last_edited=&#8221;on|tablet&#8221; _builder_version=&#8221;4.16&#8243; background_enable_image=&#8221;off&#8221; custom_padding=&#8221;75px||0px|&#8221; custom_padding_tablet=&#8221;40px||0px|&#8221; custom_padding_phone=&#8221;&#8221; global_colors_info=&#8221;{}&#8221;][et_pb_row _builder_version=&#8221;4.16&#8243; global_colors_info=&#8221;{}&#8221;][et_pb_column type=&#8221;4_4&#8243; _builder_version=&#8221;4.16&#8243; global_colors_info=&#8221;{}&#8221;][et_pb_text _builder_version=&#8221;4.16&#8243; global_colors_info=&#8221;{}&#8221;]<\/p>\n<h3 style=\"text-align: center;\"><span>\u201eOameni obi\u0219nui\u021bi fac lucruri extraordinare care transform\u0103 radical pia\u021ba muncii, ora\u0219ele \u0219i na\u021biunile.\u201d<\/span><\/h3>\n<p>[\/et_pb_text][\/et_pb_column][\/et_pb_row][et_pb_row column_structure=&#8221;1_2,1_2&#8243; use_custom_gutter=&#8221;on&#8221; gutter_width=&#8221;1&#8243; make_equal=&#8221;on&#8221; _builder_version=&#8221;4.16&#8243; background_color=&#8221;#ffffff&#8221; custom_margin=&#8221;60px|auto|-210px|auto||&#8221; custom_margin_tablet=&#8221;||-295px|&#8221; custom_margin_phone=&#8221;&#8221; custom_margin_last_edited=&#8221;on|tablet&#8221; custom_padding=&#8221;0px||0px|&#8221; animation_direction=&#8221;left&#8221; custom_css_main_element=&#8221;z-index: 10;||-webkit-box-shadow: 0px 7px 80px -9px rgba(0,0,0,0.4);||-moz-box-shadow: 0px 7px 80px -9px rgba(0,0,0,0.4);||box-shadow: 0px 7px 80px -9px rgba(0,0,0,0.4);&#8221; global_colors_info=&#8221;{}&#8221;][et_pb_column type=&#8221;1_2&#8243; _builder_version=&#8221;4.16&#8243; background_image=&#8221;https:\/\/victoryintheworkplace.net\/wp-content\/uploads\/2020\/05\/sincerely-media-dGxOgeXAXm8-unsplash-scaled.jpg&#8221; background_position=&#8221;center_right&#8221; custom_padding=&#8221;|||&#8221; custom_padding_last_edited=&#8221;off|desktop&#8221; global_colors_info=&#8221;{}&#8221; custom_padding__hover=&#8221;|||&#8221;][et_pb_text admin_label=&#8221;Image Placeholder&#8221; _builder_version=&#8221;4.16&#8243; custom_padding=&#8221;0px||0px|&#8221; custom_padding_tablet=&#8221;147px||147px|&#8221; custom_padding_phone=&#8221;&#8221; custom_padding_last_edited=&#8221;on|desktop&#8221; global_colors_info=&#8221;{}&#8221;][\/et_pb_text][\/et_pb_column][et_pb_column type=&#8221;1_2&#8243; _builder_version=&#8221;4.16&#8243; background_position=&#8221;top_left&#8221; custom_padding=&#8221;80px|6.5%|80px|6.5%&#8221; custom_padding_tablet=&#8221;40px|40px|40px|40px&#8221; custom_padding_phone=&#8221;20px|20px|20px|20px&#8221; custom_padding_last_edited=&#8221;on|desktop&#8221; global_colors_info=&#8221;{}&#8221; custom_padding__hover=&#8221;|||&#8221;][et_pb_text _builder_version=&#8221;4.16&#8243; global_colors_info=&#8221;{}&#8221;]<\/p>\n<p>At\u00e2t de mul\u021bi oameni muncesc din greu. Cu toate acestea, pu\u021bini caut\u0103 s\u0103 \u00een\u021beleag\u0103 valorea spiritual\u0103 a muncii. Victorie la locul de munc\u0103 te va ajuta s\u0103 descoperi valoarea \u0219i scopul activit\u0103\u021bii tale din timpul s\u0103pt\u0103m\u00e2nii de lucru. Te-ai s\u0103turat de aceea\u0219i rutin\u0103 \u00eenvechit\u0103 s\u0103pt\u0103m\u00e2n\u0103 dup\u0103 s\u0103pt\u0103m\u00e2n\u0103? Preg\u0103te\u0219te-te s\u0103 ai parte de o infuzie divin\u0103 de via\u021b\u0103 \u0219i energie \u00een experien\u021ba ta de la locul de munc\u0103! Lucrul acesta se \u00eent\u00e2mpl\u0103 deja de ani de zile \u00een bisericile din Europa de Est, prin impactatul adus de Victorie la locul de munc\u0103.<\/p>\n<p>Ce spui de programarea unei conferin\u021be Victorie la locul de munc\u0103 \u00een biserica ta anul acesta? Aceast\u0103 decizie se poate dovedi unul dintre cele mai valoroase lucruri pe care le faci.<\/p>\n<p>[\/et_pb_text][et_pb_button button_url=&#8221;#normal_form&#8221; button_text=&#8221;PROGRAMEAZ\u0102 ACUM&#8221; _builder_version=&#8221;4.16&#8243; custom_button=&#8221;on&#8221; button_text_color=&#8221;#c0b3a0&#8243; custom_margin=&#8221;20px||||false|false&#8221; custom_padding=&#8221;||||false|false&#8221; global_colors_info=&#8221;{}&#8221; button_text_color__hover_enabled=&#8221;on|hover&#8221; button_text_color__hover=&#8221;#C0B3A0&#8243; button_bg_color__hover_enabled=&#8221;on|desktop&#8221;][\/et_pb_button][\/et_pb_column][\/et_pb_row][\/et_pb_section][et_pb_section fb_built=&#8221;1&#8243; custom_padding_last_edited=&#8221;on|tablet&#8221; _builder_version=&#8221;4.16&#8243; background_color=&#8221;#8ab0ab&#8221; custom_padding=&#8221;210px||101px|||&#8221; custom_padding_tablet=&#8221;295px||95px|&#8221; custom_padding_phone=&#8221;&#8221; global_colors_info=&#8221;{}&#8221;][\/et_pb_section][et_pb_section fb_built=&#8221;1&#8243; _builder_version=&#8221;3.22&#8243; custom_padding=&#8221;0px||0px|&#8221; global_module=&#8221;691&#8243; global_colors_info=&#8221;{}&#8221;][et_pb_row column_structure=&#8221;1_2,1_2&#8243; use_custom_gutter=&#8221;on&#8221; gutter_width=&#8221;1&#8243; make_equal=&#8221;on&#8221; module_class=&#8221; et_pb_row_fullwidth&#8221; _builder_version=&#8221;4.16&#8243; width=&#8221;100%&#8221; width_tablet=&#8221;100%&#8221; width_phone=&#8221;&#8221; width_last_edited=&#8221;on|desktop&#8221; max_width=&#8221;100%&#8221; max_width_tablet=&#8221;100%&#8221; max_width_phone=&#8221;&#8221; max_width_last_edited=&#8221;on|desktop&#8221; custom_padding=&#8221;0px||0px|&#8221; make_fullwidth=&#8221;on&#8221; global_colors_info=&#8221;{}&#8221;][et_pb_column type=&#8221;1_2&#8243; _builder_version=&#8221;4.16&#8243; use_background_color_gradient=&#8221;on&#8221; background_color_gradient_stops=&#8221;rgba(0,0,0,0.62) 0%|rgba(0,0,0,0.4) 100%&#8221; background_color_gradient_overlays_image=&#8221;on&#8221; background_color_gradient_start=&#8221;rgba(0,0,0,0.62)&#8221; background_color_gradient_end=&#8221;rgba(0,0,0,0.4)&#8221; background_image=&#8221;https:\/\/victoryintheworkplace.net\/wp-content\/uploads\/2020\/05\/timon-studler-ei9XEwGnk1o-unsplash-scaled.jpg&#8221; custom_padding=&#8221;120px|8%|120px|8%&#8221; custom_padding_tablet=&#8221;60px||60px|&#8221; custom_padding_phone=&#8221;&#8221; custom_padding_last_edited=&#8221;on|desktop&#8221; global_colors_info=&#8221;{}&#8221; custom_padding__hover=&#8221;|||&#8221;][et_pb_text admin_label=&#8221;Title&#8221; _builder_version=&#8221;4.16&#8243; header_font=&#8221;|||on|&#8221; header_font_size=&#8221;40px&#8221; header_letter_spacing=&#8221;3px&#8221; text_orientation=&#8221;center&#8221; background_layout=&#8221;dark&#8221; max_width=&#8221;330px&#8221; module_alignment=&#8221;center&#8221; custom_margin=&#8221;15px||15px||true&#8221; custom_css_main_element=&#8221;margin-left: auto!important;||margin-right: auto!important;&#8221; global_colors_info=&#8221;{}&#8221;]<\/p>\n<h1>\u0218tia\u021bi c\u0103\u2026?<\/h1>\n<p>[\/et_pb_text][et_pb_text _builder_version=&#8221;4.16&#8243; text_orientation=&#8221;center&#8221; background_layout=&#8221;dark&#8221; max_width=&#8221;330px&#8221; module_alignment=&#8221;center&#8221; custom_margin=&#8221;||45px|&#8221; custom_css_main_element=&#8221;margin-left: auto!important;||margin-right: auto!important;&#8221; global_colors_info=&#8221;{}&#8221;]<\/p>\n<p><em>O persoana obi\u0219nuit\u0103 petrece \u00een medie aproximativ 80.000 de ore din via\u021b\u0103 lucr\u00e2nd; mult mai multe ore dec\u00e2t petrece f\u0103c\u00e2nd orice altceva? Este timpul s\u0103 \u00eencepem s\u0103 \u00een\u021belegem de ce.<\/em><\/p>\n<p>[\/et_pb_text][\/et_pb_column][et_pb_column type=&#8221;1_2&#8243; _builder_version=&#8221;4.16&#8243; background_position=&#8221;top_left&#8221; custom_padding=&#8221;100px|8%|100px|8%&#8221; custom_padding_tablet=&#8221;50px||50px|&#8221; custom_padding_phone=&#8221;&#8221; custom_padding_last_edited=&#8221;on|desktop&#8221; global_colors_info=&#8221;{}&#8221; custom_padding__hover=&#8221;|||&#8221;][et_pb_contact_form captcha=&#8221;off&#8221; email=&#8221;info@victoryintheworkplace.net&#8221; success_message=&#8221;Multumim pentru mesaj. Vom raspunde in cel mai scurt timp posibil.&#8221; module_id=&#8221;normal_form&#8221; _builder_version=&#8221;4.16&#8243; _unique_id=&#8221;2e4541ac-52b4-4cfb-aaad-6c6a28bfadc8&#8243; custom_button=&#8221;on&#8221; button_text_color=&#8221;#FFFFFF&#8221; button_bg_color=&#8221;#000000&#8243; button_border_color=&#8221;#000000&#8243; button_use_icon=&#8221;off&#8221; global_colors_info=&#8221;{}&#8221; button_text_color__hover_enabled=&#8221;on|hover&#8221; button_text_color__hover=&#8221;#C0B3A0&#8243;][et_pb_contact_field field_id=&#8221;Name&#8221; field_title=&#8221;Nume&#8221; _builder_version=&#8221;4.16&#8243; form_field_background_color=&#8221;rgba(0,0,0,0)&#8221; form_field_font=&#8221;||||&#8221; use_border_color=&#8221;off&#8221; field_background_color=&#8221;rgba(0,0,0,0)&#8221; global_colors_info=&#8221;{}&#8221; button_text_size__hover_enabled=&#8221;off&#8221; button_one_text_size__hover_enabled=&#8221;off&#8221; button_two_text_size__hover_enabled=&#8221;off&#8221; button_text_color__hover_enabled=&#8221;off&#8221; button_one_text_color__hover_enabled=&#8221;off&#8221; button_two_text_color__hover_enabled=&#8221;off&#8221; button_border_width__hover_enabled=&#8221;off&#8221; button_one_border_width__hover_enabled=&#8221;off&#8221; button_two_border_width__hover_enabled=&#8221;off&#8221; button_border_color__hover_enabled=&#8221;off&#8221; button_one_border_color__hover_enabled=&#8221;off&#8221; button_two_border_color__hover_enabled=&#8221;off&#8221; button_border_radius__hover_enabled=&#8221;off&#8221; button_one_border_radius__hover_enabled=&#8221;off&#8221; button_two_border_radius__hover_enabled=&#8221;off&#8221; button_letter_spacing__hover_enabled=&#8221;off&#8221; button_one_letter_spacing__hover_enabled=&#8221;off&#8221; button_two_letter_spacing__hover_enabled=&#8221;off&#8221; button_bg_color__hover_enabled=&#8221;off&#8221; button_one_bg_color__hover_enabled=&#8221;off&#8221; button_two_bg_color__hover_enabled=&#8221;off&#8221;][\/et_pb_contact_field][et_pb_contact_field field_id=&#8221;Email&#8221; field_title=&#8221;Email&#8221; field_type=&#8221;email&#8221; _builder_version=&#8221;4.16&#8243; form_field_background_color=&#8221;rgba(0,0,0,0)&#8221; form_field_font=&#8221;||||&#8221; use_border_color=&#8221;off&#8221; field_background_color=&#8221;rgba(0,0,0,0)&#8221; global_colors_info=&#8221;{}&#8221; button_text_size__hover_enabled=&#8221;off&#8221; button_one_text_size__hover_enabled=&#8221;off&#8221; button_two_text_size__hover_enabled=&#8221;off&#8221; button_text_color__hover_enabled=&#8221;off&#8221; button_one_text_color__hover_enabled=&#8221;off&#8221; button_two_text_color__hover_enabled=&#8221;off&#8221; button_border_width__hover_enabled=&#8221;off&#8221; button_one_border_width__hover_enabled=&#8221;off&#8221; button_two_border_width__hover_enabled=&#8221;off&#8221; button_border_color__hover_enabled=&#8221;off&#8221; button_one_border_color__hover_enabled=&#8221;off&#8221; button_two_border_color__hover_enabled=&#8221;off&#8221; button_border_radius__hover_enabled=&#8221;off&#8221; button_one_border_radius__hover_enabled=&#8221;off&#8221; button_two_border_radius__hover_enabled=&#8221;off&#8221; button_letter_spacing__hover_enabled=&#8221;off&#8221; button_one_letter_spacing__hover_enabled=&#8221;off&#8221; button_two_letter_spacing__hover_enabled=&#8221;off&#8221; button_bg_color__hover_enabled=&#8221;off&#8221; button_one_bg_color__hover_enabled=&#8221;off&#8221; button_two_bg_color__hover_enabled=&#8221;off&#8221;][\/et_pb_contact_field][et_pb_contact_field field_id=&#8221;Message&#8221; field_title=&#8221;Mesaj&#8221; field_type=&#8221;text&#8221; fullwidth_field=&#8221;on&#8221; _builder_version=&#8221;4.16&#8243; form_field_background_color=&#8221;rgba(0,0,0,0)&#8221; form_field_font=&#8221;||||&#8221; use_border_color=&#8221;off&#8221; field_background_color=&#8221;rgba(0,0,0,0)&#8221; global_colors_info=&#8221;{}&#8221; button_text_size__hover_enabled=&#8221;off&#8221; button_one_text_size__hover_enabled=&#8221;off&#8221; button_two_text_size__hover_enabled=&#8221;off&#8221; button_text_color__hover_enabled=&#8221;off&#8221; button_one_text_color__hover_enabled=&#8221;off&#8221; button_two_text_color__hover_enabled=&#8221;off&#8221; button_border_width__hover_enabled=&#8221;off&#8221; button_one_border_width__hover_enabled=&#8221;off&#8221; button_two_border_width__hover_enabled=&#8221;off&#8221; button_border_color__hover_enabled=&#8221;off&#8221; button_one_border_color__hover_enabled=&#8221;off&#8221; button_two_border_color__hover_enabled=&#8221;off&#8221; button_border_radius__hover_enabled=&#8221;off&#8221; button_one_border_radius__hover_enabled=&#8221;off&#8221; button_two_border_radius__hover_enabled=&#8221;off&#8221; button_letter_spacing__hover_enabled=&#8221;off&#8221; button_one_letter_spacing__hover_enabled=&#8221;off&#8221; button_two_letter_spacing__hover_enabled=&#8221;off&#8221; button_bg_color__hover_enabled=&#8221;off&#8221; button_one_bg_color__hover_enabled=&#8221;off&#8221; button_two_bg_color__hover_enabled=&#8221;off&#8221;][\/et_pb_contact_field][\/et_pb_contact_form][\/et_pb_column][\/et_pb_row][\/et_pb_section][et_pb_section fb_built=&#8221;1&#8243; custom_padding_last_edited=&#8221;on|tablet&#8221; module_id=&#8221;custom-footer&#8221; module_class=&#8221;original&#8221; _builder_version=&#8221;4.16&#8243; background_image=&#8221;https:\/\/victoryintheworkplace.net\/wp-content\/uploads\/2020\/04\/bkg-footer.jpg&#8221; custom_padding=&#8221;135px||0px|&#8221; custom_padding_tablet=&#8221;65px||0px|&#8221; custom_padding_phone=&#8221;&#8221; hover_enabled=&#8221;0&#8243; locked=&#8221;off&#8221; global_colors_info=&#8221;{}&#8221; sticky_enabled=&#8221;0&#8243;][et_pb_row column_structure=&#8221;1_3,1_3,1_3&#8243; custom_padding_last_edited=&#8221;on|tablet&#8221; _builder_version=&#8221;4.16&#8243; custom_padding=&#8221;0px||115px|&#8221; custom_padding_tablet=&#8221;0px||55px|&#8221; custom_padding_phone=&#8221;&#8221; global_colors_info=&#8221;{}&#8221; theme_builder_area=&#8221;et_footer_layout&#8221;][et_pb_column type=&#8221;1_3&#8243; _builder_version=&#8221;4.16&#8243; background_position=&#8221;top_left&#8221; custom_padding=&#8221;|||&#8221; global_colors_info=&#8221;{}&#8221; custom_padding__hover=&#8221;|||&#8221; theme_builder_area=&#8221;et_footer_layout&#8221;][et_pb_text admin_label=&#8221;Description&#8221; _builder_version=&#8221;4.18.0&#8243; text_font_size=&#8221;19&#8243; background_layout=&#8221;dark&#8221; module_alignment=&#8221;left&#8221; custom_margin=&#8221;||28px|||&#8221; hover_enabled=&#8221;0&#8243; border_style=&#8221;solid&#8221; global_colors_info=&#8221;{}&#8221; theme_builder_area=&#8221;et_footer_layout&#8221; sticky_enabled=&#8221;0&#8243;]<\/p>\n<p>Reorientarea experien\u021bei tale zilnice la munc\u0103<\/p>\n<p>[\/et_pb_text][et_pb_text admin_label=&#8221;Email&#8221; module_class=&#8221;email&#8221; _builder_version=&#8221;4.16&#8243; text_font_size=&#8221;16px&#8221; background_layout=&#8221;dark&#8221; width=&#8221;99%&#8221; module_alignment=&#8221;left&#8221; border_style=&#8221;solid&#8221; global_colors_info=&#8221;{}&#8221; theme_builder_area=&#8221;et_footer_layout&#8221;]<\/p>\n<h3><strong>Email:<\/strong><\/h3>\n<p><a href=\"mailto:info@victoryintheworkplace.net\">info@victoryintheworkplace.net<\/a><\/p>\n<p>[\/et_pb_text][\/et_pb_column][et_pb_column type=&#8221;1_3&#8243; _builder_version=&#8221;4.16&#8243; background_position=&#8221;top_left&#8221; custom_padding=&#8221;|||&#8221; global_colors_info=&#8221;{}&#8221; custom_padding__hover=&#8221;|||&#8221; theme_builder_area=&#8221;et_footer_layout&#8221;][et_pb_text admin_label=&#8221;Title&#8221; _builder_version=&#8221;4.18.0&#8243; header_font=&#8221;|on||on|&#8221; header_font_size=&#8221;16px&#8221; background_layout=&#8221;dark&#8221; module_alignment=&#8221;left&#8221; custom_margin=&#8221;||15px|&#8221; hover_enabled=&#8221;0&#8243; border_style=&#8221;solid&#8221; global_colors_info=&#8221;{}&#8221; theme_builder_area=&#8221;et_footer_layout&#8221; sticky_enabled=&#8221;0&#8243;]<\/p>\n<h1>Meniu<\/h1>\n<p>[\/et_pb_text][et_pb_code module_id=&#8221;footer_menu&#8221; _builder_version=&#8221;4.16&#8243; global_colors_info=&#8221;{}&#8221; theme_builder_area=&#8221;et_footer_layout&#8221;][\/et_pb_code][et_pb_text _builder_version=&#8221;4.18.0&#8243; text_font=&#8221;|||on|||||&#8221; text_text_color=&#8221;#ffffff&#8221; hover_enabled=&#8221;0&#8243; global_colors_info=&#8221;{}&#8221; theme_builder_area=&#8221;et_footer_layout&#8221; sticky_enabled=&#8221;0&#8243;]<\/p>\n<p><b><a href=\"https:\/\/victoryintheworkplace.net\/ro\/despre\/\">Despre<\/a><br \/><a href=\"https:\/\/victoryintheworkplace.net\/ro\/victorie-la-locul-de-munca-in-mediul-afacerilor\/\">Afaceri<\/a><br \/><a href=\"https:\/\/victoryintheworkplace.net\/ro\/victorie-la-locul-de-munca-pentru-biserici\/\">Biseric\u0103<\/a><br \/><a href=\"https:\/\/victoryintheworkplace.net\/ro\/cursuri-online\/\">CURSURI ONLINE<\/a><br \/><a href=\"https:\/\/victoryintheworkplace.net\/ro\/carti\/\">C\u0103r\u021bi<\/a><br \/><a href=\"https:\/\/victoryintheworkplace.net\/ro\/contact\/\">Contact<\/a><\/b><\/p>\n<p>[\/et_pb_text][\/et_pb_column][et_pb_column type=&#8221;1_3&#8243; _builder_version=&#8221;4.16&#8243; background_position=&#8221;top_left&#8221; custom_padding=&#8221;|||&#8221; global_colors_info=&#8221;{}&#8221; custom_padding__hover=&#8221;|||&#8221; theme_builder_area=&#8221;et_footer_layout&#8221;][et_pb_text admin_label=&#8221;Title&#8221; _builder_version=&#8221;4.18.0&#8243; header_font=&#8221;|on||on|&#8221; header_font_size=&#8221;16px&#8221; background_layout=&#8221;dark&#8221; module_alignment=&#8221;left&#8221; custom_margin=&#8221;||15px|&#8221; hover_enabled=&#8221;0&#8243; border_style=&#8221;solid&#8221; global_colors_info=&#8221;{}&#8221; theme_builder_area=&#8221;et_footer_layout&#8221; sticky_enabled=&#8221;0&#8243;]<\/p>\n<h1>Urmareste-ne<\/h1>\n<p>[\/et_pb_text][et_pb_social_media_follow url_new_window=&#8221;off&#8221; module_id=&#8221;footer-social&#8221; _builder_version=&#8221;4.16&#8243; link_shape=&#8221;rounded_rectangle&#8221; global_colors_info=&#8221;{}&#8221; theme_builder_area=&#8221;et_footer_layout&#8221;][et_pb_social_media_follow_network social_network=&#8221;facebook&#8221; url=&#8221;https:\/\/www.facebook.com\/profile.php?id=100009225169359&#8243; _builder_version=&#8221;4.16&#8243; background_color=&#8221;#3b5998&#8243; bg_color=&#8221;#3b5998&#8243; global_colors_info=&#8221;{}&#8221; theme_builder_area=&#8221;et_footer_layout&#8221; follow_button=&#8221;off&#8221; url_new_window=&#8221;off&#8221;] Facebook [\/et_pb_social_media_follow_network][\/et_pb_social_media_follow][\/et_pb_column][\/et_pb_row][\/et_pb_section]<\/p>\n","protected":false},"excerpt":{"rendered":"<p>\u201eOameni obi\u0219nui\u021bi fac lucruri extraordinare care transform\u0103 radical pia\u021ba muncii, ora\u0219ele \u0219i na\u021biunile.\u201dAt\u00e2t de mul\u021bi oameni muncesc din greu. Cu toate acestea, pu\u021bini caut\u0103 s\u0103 \u00een\u021beleag\u0103 valorea spiritual\u0103 a muncii. Victorie la locul de munc\u0103 te va ajuta s\u0103 descoperi valoarea \u0219i scopul activit\u0103\u021bii tale din timpul s\u0103pt\u0103m\u00e2nii de lucru. Te-ai s\u0103turat de aceea\u0219i rutin\u0103 [&hellip;]<\/p>\n","protected":false},"author":3,"featured_media":0,"parent":0,"menu_order":0,"comment_status":"closed","ping_status":"closed","template":"","meta":{"_et_pb_use_builder":"on","_et_pb_old_content":"","_et_gb_content_width":"","footnotes":""},"class_list":["post-1303","page","type-page","status-publish","hentry"],"_links":{"self":[{"href":"https:\/\/victoryintheworkplace.net\/ro\/wp-json\/wp\/v2\/pages\/1303","targetHints":{"allow":["GET"]}}],"collection":[{"href":"https:\/\/victoryintheworkplace.net\/ro\/wp-json\/wp\/v2\/pages"}],"about":[{"href":"https:\/\/victoryintheworkplace.net\/ro\/wp-json\/wp\/v2\/types\/page"}],"author":[{"embeddable":true,"href":"https:\/\/victoryintheworkplace.net\/ro\/wp-json\/wp\/v2\/users\/3"}],"replies":[{"embeddable":true,"href":"https:\/\/victoryintheworkplace.net\/ro\/wp-json\/wp\/v2\/comments?post=1303"}],"version-history":[{"count":5,"href":"https:\/\/victoryintheworkplace.net\/ro\/wp-json\/wp\/v2\/pages\/1303\/revisions"}],"predecessor-version":[{"id":1387,"href":"https:\/\/victoryintheworkplace.net\/ro\/wp-json\/wp\/v2\/pages\/1303\/revisions\/1387"}],"wp:attachment":[{"href":"https:\/\/victoryintheworkplace.net\/ro\/wp-json\/wp\/v2\/media?parent=1303"}],"curies":[{"name":"wp","href":"https:\/\/api.w.org\/{rel}","templated":true}]}}