{"id":1320,"date":"2020-07-09T15:12:22","date_gmt":"2020-07-09T15:12:22","guid":{"rendered":"https:\/\/victoryintheworkplace.net\/product\/tu-munca-ta-natiunea-ta\/"},"modified":"2023-04-05T10:31:06","modified_gmt":"2023-04-05T10:31:06","slug":"your-job-your-nation-2","status":"publish","type":"product","link":"https:\/\/victoryintheworkplace.net\/ro\/product\/your-job-your-nation-2\/","title":{"rendered":"Tu, Munca ta, Na\u021biunea ta"},"content":{"rendered":"<p><strong>Cartea: Tu, munca ta, na\u021biunea ta<\/strong><\/p>\n<p>Sim\u021bi uneori c\u0103 faci parte din \u201eEchipa B\u201d a lui Dumnezeu \u0219i nu din \u201eEchipa A\u201d?<\/p>\n<p>Aceast\u0103 carte este pentru tine!<\/p>\n<p>\u201eTu, munca ta, na\u021biunea ta\u201d continu\u0103 din punctul \u00een care se opre\u0219te \u201eVictorie la locul de munc\u0103\u201d. Nate Belkstrom arat\u0103 at\u00e2t prin exemple biblice, c\u00e2t \u0219i prin situa\u021bii de via\u021b\u0103, cum practicarea meseriei tale cu excelen\u021b\u0103 \u00ee\u021bi \u00eembun\u0103t\u0103\u021be\u0219te nu numai experien\u021ba personal\u0103, dar poate avea un impact pozitiv asupra unui num\u0103r mare de oameni. Este nevoie de un num\u0103r suficient de oameni care \u00ee\u0219i practic\u0103 munca dup\u0103 standardele Bibliei pentru a schimba \u00eentreg cursul unei na\u021biuni. Lucrul acesta nu este nou, s-a mai \u00eent\u00e2mplat \u00een trecut. Ai auzit de George Washington Carver? Sau Albert Einstein?<\/p>\n<p><strong>Ia-\u021bi un moment \u0219i r\u0103spunde la acest sondaj simplu:<\/strong><\/p>\n<p>C\u00e2\u021bi colegi de munc\u0103 ai? ______<br \/>\nCu c\u00e2\u021bi clien\u021bi lucrezi? ______<br \/>\nCu c\u00e2\u021bi furnizori lucrezi? ______<br \/>\nC\u00e2\u021bi concuren\u021bi cuno\u0219ti? ______<br \/>\nNum\u0103rul total cu care ai rela\u021bii la locul de munc\u0103 ______<br \/>\nGandeste-te la asta. \u00cen medie, bisericile din America sunt formate din mai pu\u021bin de 100 de membri. Ce atrage mai mult aten\u021bia oamenilor: ce spui \u00een biseric\u0103 sau cum tr\u0103ie\u0219ti la serviciu?<\/p>\n","protected":false},"excerpt":{"rendered":"<p>Pentru varianta in limba <strong>Romana<\/strong> la c\u0103r\u021bii, consulta\u021bi urm\u0103torul link: <a href=\"https:\/\/alfaomega.tv\/librarie\/ebooks\/tu,-munca-ta,-na%C8%9Biunea-ta-nate-belkstrom-produs\">https:\/\/alfaomega.tv\/librarie\/ebooks\/tu,-munca-ta,-na%C8%9Biunea-ta-nate-belkstrom-produs|<\/a><\/p>\n<p>Pentru englez\u0103, ceh\u0103, rus\u0103 \u0219i polonez\u0103, selecta\u021bi limba de mai jos \u0219i urma\u021bi pa\u0219ii pentru a comanda.<\/p>\n","protected":false},"featured_media":1266,"comment_status":"open","ping_status":"closed","template":"","meta":{"_et_pb_use_builder":"","_et_pb_old_content":"","_et_gb_content_width":""},"product_brand":[],"product_cat":[40],"product_tag":[],"class_list":{"0":"post-1320","1":"product","2":"type-product","3":"status-publish","4":"has-post-thumbnail","6":"product_cat-ebooks-ro","8":"first","9":"instock","10":"shipping-taxable","11":"purchasable","12":"product-type-variable"},"_links":{"self":[{"href":"https:\/\/victoryintheworkplace.net\/ro\/wp-json\/wp\/v2\/product\/1320","targetHints":{"allow":["GET"]}}],"collection":[{"href":"https:\/\/victoryintheworkplace.net\/ro\/wp-json\/wp\/v2\/product"}],"about":[{"href":"https:\/\/victoryintheworkplace.net\/ro\/wp-json\/wp\/v2\/types\/product"}],"replies":[{"embeddable":true,"href":"https:\/\/victoryintheworkplace.net\/ro\/wp-json\/wp\/v2\/comments?post=1320"}],"wp:featuredmedia":[{"embeddable":true,"href":"https:\/\/victoryintheworkplace.net\/ro\/wp-json\/wp\/v2\/media\/1266"}],"wp:attachment":[{"href":"https:\/\/victoryintheworkplace.net\/ro\/wp-json\/wp\/v2\/media?parent=1320"}],"wp:term":[{"taxonomy":"product_brand","embeddable":true,"href":"https:\/\/victoryintheworkplace.net\/ro\/wp-json\/wp\/v2\/product_brand?post=1320"},{"taxonomy":"product_cat","embeddable":true,"href":"https:\/\/victoryintheworkplace.net\/ro\/wp-json\/wp\/v2\/product_cat?post=1320"},{"taxonomy":"product_tag","embeddable":true,"href":"https:\/\/victoryintheworkplace.net\/ro\/wp-json\/wp\/v2\/product_tag?post=1320"}],"curies":[{"name":"wp","href":"https:\/\/api.w.org\/{rel}","templated":true}]}}