{"id":1324,"date":"2020-07-01T14:22:14","date_gmt":"2020-07-01T14:22:14","guid":{"rendered":"https:\/\/victoryintheworkplace.net\/product\/victorie-la-locul-de-munca\/"},"modified":"2020-07-01T14:22:14","modified_gmt":"2020-07-01T14:22:14","slug":"victory-in-the-workplace-2","status":"publish","type":"product","link":"https:\/\/victoryintheworkplace.net\/ro\/product\/victory-in-the-workplace-2\/","title":{"rendered":"Victorie la locul de munc\u0103"},"content":{"rendered":"<p><em><span style=\"color: #880000;\"><span style=\"color: #000000;\"><strong>Esti<\/strong> <strong>nemultumit<\/strong> <strong>si plictisit de jobul tau?<br \/>\n<\/strong><\/span><\/span><\/em><em><span style=\"color: #000000;\"><strong>Astepti cu nerabdare weekendul?<\/strong><\/span><\/em><\/p>\n<p><em><span style=\"color: #000000;\">*Aceast\u0103 carte este o lectur\u0103 excelent\u0103 at\u00e2t pentru cre\u0219tini, c\u00e2t \u0219i pentru cei care nu pretind c\u0103 sunt cre\u0219tini ori religio\u0219i.*<\/span><\/em><\/p>\n<p><em><span style=\"color: #000000;\">Lucrezi \u00eentr-un birou sau cu un grup de oameni? Ia \u00een considerare s\u0103 oferi o copie fiec\u0103rei persoane cu care lucrezi. Te vei bucura c\u0103 ai f\u0103cut-o!<\/span><\/em><\/p>\n<p><strong><span style=\"color: #333333;\">Capitolele includ,<\/span><\/strong><\/p>\n<ul>\n<li style=\"list-style-type: none;\">\n<ul>\n<li value=\"0\"><span style=\"color: #333333;\">\u201eMunca: este sacr\u0103 sau laic\u0103?\u201d<\/span><\/li>\n<li value=\"0\"><span style=\"color: #333333;\">&#8222;Cine-i seful?&#8221;<\/span><\/li>\n<li value=\"0\"><span style=\"color: #333333;\">\u201eRecompensele pentru munca bine f\u0103cut\u0103\u201d<\/span><\/li>\n<\/ul>\n<\/li>\n<\/ul>\n","protected":false},"excerpt":{"rendered":"<p>Pentru varianta <strong>\u00een limba rom\u00e2n\u0103<\/strong> a c\u0103r\u021bii, consulta\u021bi urm\u0103torul link:<a href=\"https:\/\/alfaomega.tv\/librarie\/slujind-trupul-lui-hristos\/invinge-rutina-de-fiecare-zi-nate-belkstrom-produs\"> https:\/\/alfaomega.tv\/librarie\/slujind-trupul-lui-hristos\/invinge-rutina-de-fiecare-zi-nate-belkstrom-produs<\/a><\/p>\n<p>Pentru englez\u0103, ceh\u0103, rus\u0103 \u0219i polonez\u0103, selecta\u021bi limba de mai jos \u0219i urma\u021bi pa\u0219ii pentru a comanda.<\/p>\n","protected":false},"featured_media":1265,"comment_status":"open","ping_status":"closed","template":"","meta":{"_et_pb_use_builder":"","_et_pb_old_content":"","_et_gb_content_width":""},"product_brand":[],"product_cat":[40],"product_tag":[],"class_list":{"0":"post-1324","1":"product","2":"type-product","3":"status-publish","4":"has-post-thumbnail","6":"product_cat-ebooks-ro","8":"first","9":"instock","10":"shipping-taxable","11":"purchasable","12":"product-type-variable"},"_links":{"self":[{"href":"https:\/\/victoryintheworkplace.net\/ro\/wp-json\/wp\/v2\/product\/1324","targetHints":{"allow":["GET"]}}],"collection":[{"href":"https:\/\/victoryintheworkplace.net\/ro\/wp-json\/wp\/v2\/product"}],"about":[{"href":"https:\/\/victoryintheworkplace.net\/ro\/wp-json\/wp\/v2\/types\/product"}],"replies":[{"embeddable":true,"href":"https:\/\/victoryintheworkplace.net\/ro\/wp-json\/wp\/v2\/comments?post=1324"}],"wp:featuredmedia":[{"embeddable":true,"href":"https:\/\/victoryintheworkplace.net\/ro\/wp-json\/wp\/v2\/media\/1265"}],"wp:attachment":[{"href":"https:\/\/victoryintheworkplace.net\/ro\/wp-json\/wp\/v2\/media?parent=1324"}],"wp:term":[{"taxonomy":"product_brand","embeddable":true,"href":"https:\/\/victoryintheworkplace.net\/ro\/wp-json\/wp\/v2\/product_brand?post=1324"},{"taxonomy":"product_cat","embeddable":true,"href":"https:\/\/victoryintheworkplace.net\/ro\/wp-json\/wp\/v2\/product_cat?post=1324"},{"taxonomy":"product_tag","embeddable":true,"href":"https:\/\/victoryintheworkplace.net\/ro\/wp-json\/wp\/v2\/product_tag?post=1324"}],"curies":[{"name":"wp","href":"https:\/\/api.w.org\/{rel}","templated":true}]}}